{"id":46,"date":"2020-01-17T11:53:47","date_gmt":"2020-01-17T11:53:47","guid":{"rendered":"http:\/\/psk-gmbh.com\/?page_id=46"},"modified":"2020-09-01T13:38:31","modified_gmt":"2020-09-01T13:38:31","slug":"psk-pressenservice-gmbh","status":"publish","type":"page","link":"https:\/\/psk-gmbh.com\/","title":{"rendered":"-Pressen Service Konstruktion-"},"content":{"rendered":"\t\t<div data-elementor-type=\"wp-page\" data-elementor-id=\"46\" class=\"elementor elementor-46\" data-elementor-settings=\"[]\">\n\t\t\t\t\t\t<div class=\"elementor-inner\">\n\t\t\t\t\t\t\t<div class=\"elementor-section-wrap\">\n\t\t\t\t\t\t\t<section class=\"elementor-section elementor-top-section elementor-element elementor-element-41ab4ef elementor-section-boxed elementor-section-height-default elementor-section-height-default\" data-id=\"41ab4ef\" data-element_type=\"section\">\n\t\t\t\t\t\t<div class=\"elementor-container elementor-column-gap-default\">\n\t\t\t\t\t\t\t<div class=\"elementor-row\">\n\t\t\t\t\t<div class=\"elementor-column elementor-col-25 elementor-top-column elementor-element elementor-element-7010fbe\" data-id=\"7010fbe\" data-element_type=\"column\">\n\t\t\t<div class=\"elementor-column-wrap elementor-element-populated\">\n\t\t\t\t\t\t\t<div class=\"elementor-widget-wrap\">\n\t\t\t\t\t\t<div class=\"elementor-element elementor-element-604535b elementor-widget elementor-widget-image\" data-id=\"604535b\" data-element_type=\"widget\" data-widget_type=\"image.default\">\n\t\t\t\t<div class=\"elementor-widget-container\">\n\t\t\t\t\t<div class=\"elementor-image\">\n\t\t\t\t\t\t\t\t\t\t<img width=\"440\" height=\"740\" src=\"https:\/\/psk-gmbh.com\/wp-content\/uploads\/2020\/03\/Hydraulikaggregat.png\" class=\"attachment-large size-large\" alt=\"\" loading=\"lazy\" srcset=\"https:\/\/psk-gmbh.com\/wp-content\/uploads\/2020\/03\/Hydraulikaggregat.png 440w, https:\/\/psk-gmbh.com\/wp-content\/uploads\/2020\/03\/Hydraulikaggregat-178x300.png 178w\" sizes=\"(max-width: 440px) 100vw, 440px\" \/>\t\t\t\t\t\t\t\t\t\t\t<\/div>\n\t\t\t\t<\/div>\n\t\t\t\t<\/div>\n\t\t\t\t<div class=\"elementor-element elementor-element-4c13a5f elementor-widget elementor-widget-image\" data-id=\"4c13a5f\" data-element_type=\"widget\" data-widget_type=\"image.default\">\n\t\t\t\t<div class=\"elementor-widget-container\">\n\t\t\t\t\t<div class=\"elementor-image\">\n\t\t\t\t\t\t\t\t\t\t<img width=\"893\" height=\"635\" src=\"https:\/\/psk-gmbh.com\/wp-content\/uploads\/2020\/03\/Hydraulikplan_shema.jpg\" class=\"attachment-large size-large\" alt=\"\" loading=\"lazy\" srcset=\"https:\/\/psk-gmbh.com\/wp-content\/uploads\/2020\/03\/Hydraulikplan_shema.jpg 893w, https:\/\/psk-gmbh.com\/wp-content\/uploads\/2020\/03\/Hydraulikplan_shema-300x213.jpg 300w, https:\/\/psk-gmbh.com\/wp-content\/uploads\/2020\/03\/Hydraulikplan_shema-768x546.jpg 768w\" sizes=\"(max-width: 893px) 100vw, 893px\" \/>\t\t\t\t\t\t\t\t\t\t\t<\/div>\n\t\t\t\t<\/div>\n\t\t\t\t<\/div>\n\t\t\t\t<div class=\"elementor-element elementor-element-aad4513 elementor-widget elementor-widget-image\" data-id=\"aad4513\" data-element_type=\"widget\" data-widget_type=\"image.default\">\n\t\t\t\t<div class=\"elementor-widget-container\">\n\t\t\t\t\t<div class=\"elementor-image\">\n\t\t\t\t\t\t\t\t\t\t<img width=\"768\" height=\"1024\" src=\"https:\/\/psk-gmbh.com\/wp-content\/uploads\/2020\/03\/Werkstatt_01-768x1024.jpg\" class=\"attachment-large size-large\" alt=\"\" loading=\"lazy\" srcset=\"https:\/\/psk-gmbh.com\/wp-content\/uploads\/2020\/03\/Werkstatt_01-768x1024.jpg 768w, https:\/\/psk-gmbh.com\/wp-content\/uploads\/2020\/03\/Werkstatt_01-225x300.jpg 225w, https:\/\/psk-gmbh.com\/wp-content\/uploads\/2020\/03\/Werkstatt_01-1152x1536.jpg 1152w, https:\/\/psk-gmbh.com\/wp-content\/uploads\/2020\/03\/Werkstatt_01-1536x2048.jpg 1536w, https:\/\/psk-gmbh.com\/wp-content\/uploads\/2020\/03\/Werkstatt_01-scaled.jpg 1920w\" sizes=\"(max-width: 768px) 100vw, 768px\" \/>\t\t\t\t\t\t\t\t\t\t\t<\/div>\n\t\t\t\t<\/div>\n\t\t\t\t<\/div>\n\t\t\t\t<div class=\"elementor-element elementor-element-ffce9d8 elementor-widget elementor-widget-image\" data-id=\"ffce9d8\" data-element_type=\"widget\" data-widget_type=\"image.default\">\n\t\t\t\t<div class=\"elementor-widget-container\">\n\t\t\t\t\t<div class=\"elementor-image\">\n\t\t\t\t\t\t\t\t\t\t<img width=\"1024\" height=\"768\" src=\"https:\/\/psk-gmbh.com\/wp-content\/uploads\/2020\/03\/Werkstatt_03-1024x768.jpg\" class=\"attachment-large size-large\" alt=\"\" loading=\"lazy\" srcset=\"https:\/\/psk-gmbh.com\/wp-content\/uploads\/2020\/03\/Werkstatt_03-1024x768.jpg 1024w, https:\/\/psk-gmbh.com\/wp-content\/uploads\/2020\/03\/Werkstatt_03-300x225.jpg 300w, https:\/\/psk-gmbh.com\/wp-content\/uploads\/2020\/03\/Werkstatt_03-768x576.jpg 768w, https:\/\/psk-gmbh.com\/wp-content\/uploads\/2020\/03\/Werkstatt_03-1536x1152.jpg 1536w, https:\/\/psk-gmbh.com\/wp-content\/uploads\/2020\/03\/Werkstatt_03-2048x1536.jpg 2048w\" sizes=\"(max-width: 1024px) 100vw, 1024px\" \/>\t\t\t\t\t\t\t\t\t\t\t<\/div>\n\t\t\t\t<\/div>\n\t\t\t\t<\/div>\n\t\t\t\t<div class=\"elementor-element elementor-element-763b42f elementor-widget elementor-widget-image\" data-id=\"763b42f\" data-element_type=\"widget\" data-widget_type=\"image.default\">\n\t\t\t\t<div class=\"elementor-widget-container\">\n\t\t\t\t\t<div class=\"elementor-image\">\n\t\t\t\t\t\t\t\t\t\t<img width=\"1024\" height=\"768\" src=\"https:\/\/psk-gmbh.com\/wp-content\/uploads\/2020\/03\/Werkstatt_02-1024x768.jpg\" class=\"attachment-large size-large\" alt=\"\" loading=\"lazy\" srcset=\"https:\/\/psk-gmbh.com\/wp-content\/uploads\/2020\/03\/Werkstatt_02-1024x768.jpg 1024w, https:\/\/psk-gmbh.com\/wp-content\/uploads\/2020\/03\/Werkstatt_02-300x225.jpg 300w, https:\/\/psk-gmbh.com\/wp-content\/uploads\/2020\/03\/Werkstatt_02-768x576.jpg 768w, https:\/\/psk-gmbh.com\/wp-content\/uploads\/2020\/03\/Werkstatt_02-1536x1152.jpg 1536w, https:\/\/psk-gmbh.com\/wp-content\/uploads\/2020\/03\/Werkstatt_02-2048x1536.jpg 2048w\" sizes=\"(max-width: 1024px) 100vw, 1024px\" \/>\t\t\t\t\t\t\t\t\t\t\t<\/div>\n\t\t\t\t<\/div>\n\t\t\t\t<\/div>\n\t\t\t\t\t\t<\/div>\n\t\t\t\t\t<\/div>\n\t\t<\/div>\n\t\t\t\t<div class=\"elementor-column elementor-col-50 elementor-top-column elementor-element elementor-element-7a39517\" data-id=\"7a39517\" data-element_type=\"column\">\n\t\t\t<div class=\"elementor-column-wrap elementor-element-populated\">\n\t\t\t\t\t\t\t<div class=\"elementor-widget-wrap\">\n\t\t\t\t\t\t<div class=\"elementor-element elementor-element-d306144 elementor-widget elementor-widget-image\" data-id=\"d306144\" data-element_type=\"widget\" data-widget_type=\"image.default\">\n\t\t\t\t<div class=\"elementor-widget-container\">\n\t\t\t\t\t<div class=\"elementor-image\">\n\t\t\t\t\t\t\t\t\t\t<img width=\"767\" height=\"384\" src=\"https:\/\/psk-gmbh.com\/wp-content\/uploads\/2020\/03\/Firmengeb\u00e4ude-PSK.jpg\" class=\"attachment-large size-large\" alt=\"\" loading=\"lazy\" srcset=\"https:\/\/psk-gmbh.com\/wp-content\/uploads\/2020\/03\/Firmengeb\u00e4ude-PSK.jpg 767w, https:\/\/psk-gmbh.com\/wp-content\/uploads\/2020\/03\/Firmengeb\u00e4ude-PSK-300x150.jpg 300w\" sizes=\"(max-width: 767px) 100vw, 767px\" \/>\t\t\t\t\t\t\t\t\t\t\t<\/div>\n\t\t\t\t<\/div>\n\t\t\t\t<\/div>\n\t\t\t\t<div class=\"elementor-element elementor-element-3df6609 elementor-widget elementor-widget-heading\" data-id=\"3df6609\" data-element_type=\"widget\" data-widget_type=\"heading.default\">\n\t\t\t\t<div class=\"elementor-widget-container\">\n\t\t\t<h2 class=\"elementor-heading-title elementor-size-default\">Herzlich Willkommen bei PSK<\/h2>\t\t<\/div>\n\t\t\t\t<\/div>\n\t\t\t\t<div class=\"elementor-element elementor-element-de592ad elementor-widget elementor-widget-text-editor\" data-id=\"de592ad\" data-element_type=\"widget\" data-widget_type=\"text-editor.default\">\n\t\t\t\t<div class=\"elementor-widget-container\">\n\t\t\t\t\t<div class=\"elementor-text-editor elementor-clearfix\"><p style=\"text-align: center;\">Ihr Partner f\u00fcr Serviceleistungen, Konstruktionen und Applikationen rund um hydraulische Systeme.<\/p>\n<p style=\"text-align: center;\">Das Unternehmen wurde 2009 von den beiden Gesch\u00e4ftsf\u00fchrern Bernd K\u00e4mmner und Bernd Ostermayer gegr\u00fcndet. Beide k\u00f6nnen auf jahrelange Branchenerfahrung und ein fundiertes Know-How im Bereich des Pressenbaus, speziell bei hydraulischen Pressen, als ehemalige Mitarbeiter eines namhaften Pressenbauers, zur\u00fcckgreifen. Das anf\u00e4ngliche Zwei-Mann-Unternehmen ist zu einem aggilen Kleinunternehmen gewachsen. Unser Unternehmen besch\u00e4ftigt ein motiviertes, engagiertes Team von acht Mitarbeitern und ist damit f\u00fcr jedes Problem bzw. jede Aufgabe optimal aufgestellt.<\/p>\n<p style=\"text-align: center;\">Zu unseren Kunden z\u00e4hlen bekannte Firmen der Auomobilindustrie, sowie Zulieferer. Aber auch in anderen Branchen, wie bei Haushaltsger\u00e4tehersteller, Werkzeugmacher, Elektronik- und Druckkesselhersteller oder Bedarf- und Konsumg\u00fcterproduzenten, sind in unserer Kundenkartei zu finden. Dabei ist unser Team \u00fcber Europa hinaus, international unterwegs.<\/p>\n<p style=\"text-align: center;\">Fertigung von Ersatzteilen oder Spezialteilen machen wir gr\u00f6\u00dfstenteils selbst in der hauseigenen Fertigung.<\/p>\n<p style=\"text-align: center;\">Unser Team steht Ihnen f\u00fcr Fragen und Betreuung gerne zur Verf\u00fcgung. Sie erreichen uns unter den beistehenden Kontaktdaten (rechts). Rufen Sie uns direkt an und kl\u00e4ren Sie alles Weitere am Telefon oder schreiben Sie uns eine E-mail.<\/p>\n<p style=\"text-align: center;\">Besuchen Sie auch unsere Seite &#8220;Leistungen&#8221; und &#8220;Projekte&#8221;. Hier k\u00f6nnen Sie sich ein genaueres Bild unseres Unternehmens machen!<\/p>\n<p style=\"text-align: center;\">PSK Pressenservice GmbH<br>Am Filswehr 8<br>73207 Plochingen<\/p>\n<p style=\"text-align: center;\">\n<\/p><p style=\"text-align: center;\">\n<\/p><p style=\"text-align: center;\">\n<\/p><p>,<\/p><\/div>\n\t\t\t\t<\/div>\n\t\t\t\t<\/div>\n\t\t\t\t\t\t<\/div>\n\t\t\t\t\t<\/div>\n\t\t<\/div>\n\t\t\t\t<div class=\"elementor-column elementor-col-25 elementor-top-column elementor-element elementor-element-37b4d56\" data-id=\"37b4d56\" data-element_type=\"column\">\n\t\t\t<div class=\"elementor-column-wrap elementor-element-populated\">\n\t\t\t\t\t\t\t<div class=\"elementor-widget-wrap\">\n\t\t\t\t\t\t<div class=\"elementor-element elementor-element-0b30f60 elementor-widget elementor-widget-image\" data-id=\"0b30f60\" data-element_type=\"widget\" data-widget_type=\"image.default\">\n\t\t\t\t<div class=\"elementor-widget-container\">\n\t\t\t\t\t<div class=\"elementor-image\">\n\t\t\t\t\t\t\t\t\t\t<img width=\"768\" height=\"1024\" src=\"https:\/\/psk-gmbh.com\/wp-content\/uploads\/2020\/09\/Hydrapp-Presse-scaled.jpg\" class=\"attachment-large size-large\" alt=\"\" loading=\"lazy\" srcset=\"https:\/\/psk-gmbh.com\/wp-content\/uploads\/2020\/09\/Hydrapp-Presse-scaled.jpg 1920w, https:\/\/psk-gmbh.com\/wp-content\/uploads\/2020\/09\/Hydrapp-Presse-225x300.jpg 225w, https:\/\/psk-gmbh.com\/wp-content\/uploads\/2020\/09\/Hydrapp-Presse-1152x1536.jpg 1152w, https:\/\/psk-gmbh.com\/wp-content\/uploads\/2020\/09\/Hydrapp-Presse-1536x2048.jpg 1536w\" sizes=\"(max-width: 768px) 100vw, 768px\" \/>\t\t\t\t\t\t\t\t\t\t\t<\/div>\n\t\t\t\t<\/div>\n\t\t\t\t<\/div>\n\t\t\t\t<div class=\"elementor-element elementor-element-17ce643 elementor-widget elementor-widget-heading\" data-id=\"17ce643\" data-element_type=\"widget\" data-widget_type=\"heading.default\">\n\t\t\t\t<div class=\"elementor-widget-container\">\n\t\t\t<h2 class=\"elementor-heading-title elementor-size-default\">Anschrift:<\/h2>\t\t<\/div>\n\t\t\t\t<\/div>\n\t\t\t\t<div class=\"elementor-element elementor-element-3de3da0 elementor-widget elementor-widget-text-editor\" data-id=\"3de3da0\" data-element_type=\"widget\" data-widget_type=\"text-editor.default\">\n\t\t\t\t<div class=\"elementor-widget-container\">\n\t\t\t\t\t<div class=\"elementor-text-editor elementor-clearfix\"><p>PSK Pressenservice GmbH<br \/>Am Filswehr 8<br \/>73207 Plochingen<\/p><\/div>\n\t\t\t\t<\/div>\n\t\t\t\t<\/div>\n\t\t\t\t<div class=\"elementor-element elementor-element-e2f297e elementor-widget elementor-widget-heading\" data-id=\"e2f297e\" data-element_type=\"widget\" data-widget_type=\"heading.default\">\n\t\t\t\t<div class=\"elementor-widget-container\">\n\t\t\t<h2 class=\"elementor-heading-title elementor-size-default\">Telefon:<\/h2>\t\t<\/div>\n\t\t\t\t<\/div>\n\t\t\t\t<div class=\"elementor-element elementor-element-e942c5c elementor-widget elementor-widget-text-editor\" data-id=\"e942c5c\" data-element_type=\"widget\" data-widget_type=\"text-editor.default\">\n\t\t\t\t<div class=\"elementor-widget-container\">\n\t\t\t\t\t<div class=\"elementor-text-editor elementor-clearfix\"><p>+49 (0) 7153 99385-40<\/p><\/div>\n\t\t\t\t<\/div>\n\t\t\t\t<\/div>\n\t\t\t\t<div class=\"elementor-element elementor-element-dbd2c9e elementor-widget elementor-widget-heading\" data-id=\"dbd2c9e\" data-element_type=\"widget\" data-widget_type=\"heading.default\">\n\t\t\t\t<div class=\"elementor-widget-container\">\n\t\t\t<h2 class=\"elementor-heading-title elementor-size-default\">Fax:<\/h2>\t\t<\/div>\n\t\t\t\t<\/div>\n\t\t\t\t<div class=\"elementor-element elementor-element-d6f673b elementor-widget elementor-widget-text-editor\" data-id=\"d6f673b\" data-element_type=\"widget\" data-widget_type=\"text-editor.default\">\n\t\t\t\t<div class=\"elementor-widget-container\">\n\t\t\t\t\t<div class=\"elementor-text-editor elementor-clearfix\"><p>+49 (0) 7153 99385-59<\/p><\/div>\n\t\t\t\t<\/div>\n\t\t\t\t<\/div>\n\t\t\t\t<div class=\"elementor-element elementor-element-f12abfc elementor-widget elementor-widget-heading\" data-id=\"f12abfc\" data-element_type=\"widget\" data-widget_type=\"heading.default\">\n\t\t\t\t<div class=\"elementor-widget-container\">\n\t\t\t<h2 class=\"elementor-heading-title elementor-size-default\">E-Mail:<\/h2>\t\t<\/div>\n\t\t\t\t<\/div>\n\t\t\t\t<div class=\"elementor-element elementor-element-367c17e elementor-widget elementor-widget-text-editor\" data-id=\"367c17e\" data-element_type=\"widget\" data-widget_type=\"text-editor.default\">\n\t\t\t\t<div class=\"elementor-widget-container\">\n\t\t\t\t\t<div class=\"elementor-text-editor elementor-clearfix\"><p>info@psk-gmbh.com<\/p><\/div>\n\t\t\t\t<\/div>\n\t\t\t\t<\/div>\n\t\t\t\t\t\t<\/div>\n\t\t\t\t\t<\/div>\n\t\t<\/div>\n\t\t\t\t\t\t\t\t<\/div>\n\t\t\t\t\t<\/div>\n\t\t<\/section>\n\t\t\t\t<section class=\"elementor-section elementor-top-section elementor-element elementor-element-926668d elementor-section-boxed elementor-section-height-default elementor-section-height-default\" data-id=\"926668d\" data-element_type=\"section\">\n\t\t\t\t\t\t<div class=\"elementor-container elementor-column-gap-default\">\n\t\t\t\t\t\t\t<div class=\"elementor-row\">\n\t\t\t\t\t<div class=\"elementor-column elementor-col-100 elementor-top-column elementor-element elementor-element-0605d99\" data-id=\"0605d99\" data-element_type=\"column\">\n\t\t\t<div class=\"elementor-column-wrap elementor-element-populated\">\n\t\t\t\t\t\t\t<div class=\"elementor-widget-wrap\">\n\t\t\t\t\t\t<div class=\"elementor-element elementor-element-ffe572c elementor-widget elementor-widget-text-editor\" data-id=\"ffe572c\" data-element_type=\"widget\" data-widget_type=\"text-editor.default\">\n\t\t\t\t<div class=\"elementor-widget-container\">\n\t\t\t\t\t<div class=\"elementor-text-editor elementor-clearfix\"><p style=\"text-align: center;\">Unsere Website befindet sich derzeit im Aufbau. F\u00fcr eventuelle St\u00f6rungen bitten wir um Entschuldigung. <br><\/p><\/div>\n\t\t\t\t<\/div>\n\t\t\t\t<\/div>\n\t\t\t\t\t\t<\/div>\n\t\t\t\t\t<\/div>\n\t\t<\/div>\n\t\t\t\t\t\t\t\t<\/div>\n\t\t\t\t\t<\/div>\n\t\t<\/section>\n\t\t\t\t\t\t<\/div>\n\t\t\t\t\t\t<\/div>\n\t\t\t\t\t<\/div>\n\t\t","protected":false},"excerpt":{"rendered":"<p>Herzlich Willkommen bei PSK Ihr Partner f\u00fcr Serviceleistungen, Konstruktionen und Applikationen rund um hydraulische Systeme. Das Unternehmen wurde 2009 von den beiden Gesch\u00e4ftsf\u00fchrern Bernd K\u00e4mmner&#8230;<\/p>\n<div class=\"more-link-wrapper\"><a class=\"more-link\" href=\"https:\/\/psk-gmbh.com\/\">mehr<span class=\"screen-reader-text\">-Pressen Service Konstruktion-<\/span><\/a><\/div>\n","protected":false},"author":1,"featured_media":0,"parent":0,"menu_order":0,"comment_status":"closed","ping_status":"closed","template":"templates\/full-width.php","meta":[],"_links":{"self":[{"href":"https:\/\/psk-gmbh.com\/index.php?rest_route=\/wp\/v2\/pages\/46"}],"collection":[{"href":"https:\/\/psk-gmbh.com\/index.php?rest_route=\/wp\/v2\/pages"}],"about":[{"href":"https:\/\/psk-gmbh.com\/index.php?rest_route=\/wp\/v2\/types\/page"}],"author":[{"embeddable":true,"href":"https:\/\/psk-gmbh.com\/index.php?rest_route=\/wp\/v2\/users\/1"}],"replies":[{"embeddable":true,"href":"https:\/\/psk-gmbh.com\/index.php?rest_route=%2Fwp%2Fv2%2Fcomments&post=46"}],"version-history":[{"count":43,"href":"https:\/\/psk-gmbh.com\/index.php?rest_route=\/wp\/v2\/pages\/46\/revisions"}],"predecessor-version":[{"id":239,"href":"https:\/\/psk-gmbh.com\/index.php?rest_route=\/wp\/v2\/pages\/46\/revisions\/239"}],"wp:attachment":[{"href":"https:\/\/psk-gmbh.com\/index.php?rest_route=%2Fwp%2Fv2%2Fmedia&parent=46"}],"curies":[{"name":"wp","href":"https:\/\/api.w.org\/{rel}","templated":true}]}}